{"id":3883,"date":"2025-06-28T00:58:16","date_gmt":"2025-06-27T22:58:16","guid":{"rendered":"https:\/\/www.lauriexport.de\/wordpress\/?page_id=3883"},"modified":"2025-06-28T01:01:04","modified_gmt":"2025-06-27T23:01:04","slug":"clark-handhubwagen-tragfaehigkeit-2-500-kg","status":"publish","type":"page","link":"https:\/\/www.lauriexport.de\/wordpress\/katalog\/hubwagen\/clark-handhubwagen-tragfaehigkeit-2-500-kg\/","title":{"rendered":"CLARK Handhubwagen \u2013 Tragf\u00e4higkeit 2.500 kg"},"content":{"rendered":"\t\t<div data-elementor-type=\"wp-page\" data-elementor-id=\"3883\" class=\"elementor elementor-3883\">\n\t\t\t\t\t\t<section class=\"elementor-section elementor-top-section elementor-element elementor-element-e21c380 elementor-section-boxed elementor-section-height-default elementor-section-height-default\" data-id=\"e21c380\" data-element_type=\"section\" data-e-type=\"section\">\n\t\t\t\t\t\t<div class=\"elementor-container elementor-column-gap-default\">\n\t\t\t\t\t<div class=\"elementor-column elementor-col-100 elementor-top-column elementor-element elementor-element-cf4b443\" data-id=\"cf4b443\" data-element_type=\"column\" data-e-type=\"column\">\n\t\t\t<div class=\"elementor-widget-wrap elementor-element-populated\">\n\t\t\t\t\t\t<div class=\"elementor-element elementor-element-3a7aa7c elementor-widget elementor-widget-spacer\" data-id=\"3a7aa7c\" data-element_type=\"widget\" data-e-type=\"widget\" data-widget_type=\"spacer.default\">\n\t\t\t\t\t\t\t<div class=\"elementor-spacer\">\n\t\t\t<div class=\"elementor-spacer-inner\"><\/div>\n\t\t<\/div>\n\t\t\t\t\t\t<\/div>\n\t\t\t\t\t<\/div>\n\t\t<\/div>\n\t\t\t\t\t<\/div>\n\t\t<\/section>\n\t\t\t\t<section class=\"elementor-section elementor-top-section elementor-element elementor-element-77304f3 elementor-section-boxed elementor-section-height-default elementor-section-height-default\" data-id=\"77304f3\" data-element_type=\"section\" data-e-type=\"section\">\n\t\t\t\t\t\t<div class=\"elementor-container elementor-column-gap-default\">\n\t\t\t\t\t<div class=\"elementor-column elementor-col-100 elementor-top-column elementor-element elementor-element-9db6867\" data-id=\"9db6867\" data-element_type=\"column\" data-e-type=\"column\">\n\t\t\t<div class=\"elementor-widget-wrap elementor-element-populated\">\n\t\t\t\t\t\t<div class=\"elementor-element elementor-element-74e1a13 elementor-invisible elementor-widget elementor-widget-heading\" data-id=\"74e1a13\" data-element_type=\"widget\" data-e-type=\"widget\" data-settings=\"{&quot;_animation&quot;:&quot;fadeInRight&quot;}\" data-widget_type=\"heading.default\">\n\t\t\t\t\t<h1 class=\"elementor-heading-title elementor-size-default\">CLARK Handhubwagen \u2013 Tragf\u00e4higkeit 2.500 kg<\/h1>\t\t\t\t<\/div>\n\t\t\t\t<div class=\"elementor-element elementor-element-fad9002 elementor-widget-divider--separator-type-pattern elementor-widget-divider--view-line elementor-widget elementor-widget-divider\" data-id=\"fad9002\" data-element_type=\"widget\" data-e-type=\"widget\" data-widget_type=\"divider.default\">\n\t\t\t\t\t\t\t<div class=\"elementor-divider\" style=\"--divider-pattern-url: url(&quot;data:image\/svg+xml,%3Csvg xmlns=&#039;http:\/\/www.w3.org\/2000\/svg&#039; preserveAspectRatio=&#039;none&#039; overflow=&#039;visible&#039; height=&#039;100%&#039; viewBox=&#039;0 0 24 24&#039; fill=&#039;none&#039; stroke=&#039;black&#039; stroke-width=&#039;1&#039; stroke-linecap=&#039;square&#039; stroke-miterlimit=&#039;10&#039;%3E%3Cpath d=&#039;M0,6c6,0,0.9,11.1,6.9,11.1S18,6,24,6&#039;\/%3E%3C\/svg%3E&quot;);\">\n\t\t\t<span class=\"elementor-divider-separator\">\n\t\t\t\t\t\t<\/span>\n\t\t<\/div>\n\t\t\t\t\t\t<\/div>\n\t\t\t\t\t<\/div>\n\t\t<\/div>\n\t\t\t\t\t<\/div>\n\t\t<\/section>\n\t\t\t\t<section class=\"elementor-section elementor-top-section elementor-element elementor-element-0749a85 elementor-section-boxed elementor-section-height-default elementor-section-height-default\" data-id=\"0749a85\" data-element_type=\"section\" data-e-type=\"section\">\n\t\t\t\t\t\t<div class=\"elementor-container elementor-column-gap-default\">\n\t\t\t\t\t<div class=\"elementor-column elementor-col-50 elementor-top-column elementor-element elementor-element-65312b6\" data-id=\"65312b6\" data-element_type=\"column\" data-e-type=\"column\">\n\t\t\t<div class=\"elementor-widget-wrap elementor-element-populated\">\n\t\t\t\t\t\t<div class=\"elementor-element elementor-element-5a47847 elementor-widget elementor-widget-image\" data-id=\"5a47847\" data-element_type=\"widget\" data-e-type=\"widget\" data-widget_type=\"image.default\">\n\t\t\t\t\t\t\t\t\t\t\t\t\t\t\t<img fetchpriority=\"high\" decoding=\"async\" width=\"947\" height=\"960\" src=\"https:\/\/www.lauriexport.de\/wordpress\/wp-content\/uploads\/2025\/06\/a88c6ff5-1694-4fde-9f33-1839b161b052.avif\" class=\"attachment-large size-large wp-image-3876\" alt=\"\" srcset=\"https:\/\/www.lauriexport.de\/wordpress\/wp-content\/uploads\/2025\/06\/a88c6ff5-1694-4fde-9f33-1839b161b052.avif 947w, https:\/\/www.lauriexport.de\/wordpress\/wp-content\/uploads\/2025\/06\/a88c6ff5-1694-4fde-9f33-1839b161b052-296x300.jpg 296w, https:\/\/www.lauriexport.de\/wordpress\/wp-content\/uploads\/2025\/06\/a88c6ff5-1694-4fde-9f33-1839b161b052-768x779.jpg 768w\" sizes=\"(max-width: 947px) 100vw, 947px\" \/>\t\t\t\t\t\t\t\t\t\t\t\t\t\t\t<\/div>\n\t\t\t\t<div class=\"elementor-element elementor-element-2a06762 elementor-invisible elementor-widget elementor-widget-image-gallery\" data-id=\"2a06762\" data-element_type=\"widget\" data-e-type=\"widget\" data-settings=\"{&quot;_animation&quot;:&quot;fadeIn&quot;}\" data-widget_type=\"image-gallery.default\">\n\t\t\t\t\t\t\t<div class=\"elementor-image-gallery\">\n\t\t\t<div id='gallery-1' class='gallery galleryid-3883 gallery-columns-4 gallery-size-medium'><figure class='gallery-item'>\n\t\t\t<div class='gallery-icon portrait'>\n\t\t\t\t<a data-elementor-open-lightbox=\"yes\" data-elementor-lightbox-slideshow=\"2a06762\" data-elementor-lightbox-title=\"4cd21107-a78a-4b1e-b582-87945217e5b6\" data-e-action-hash=\"#elementor-action%3Aaction%3Dlightbox%26settings%3DeyJpZCI6Mzg3NSwidXJsIjoiaHR0cHM6XC9cL3d3dy5sYXVyaWV4cG9ydC5kZVwvd29yZHByZXNzXC93cC1jb250ZW50XC91cGxvYWRzXC8yMDI1XC8wNlwvNGNkMjExMDctYTc4YS00YjFlLWI1ODItODc5NDUyMTdlNWI2LmF2aWYiLCJzbGlkZXNob3ciOiIyYTA2NzYyIn0%3D\" href='https:\/\/www.lauriexport.de\/wordpress\/wp-content\/uploads\/2025\/06\/4cd21107-a78a-4b1e-b582-87945217e5b6.avif'><img decoding=\"async\" width=\"225\" height=\"300\" src=\"https:\/\/www.lauriexport.de\/wordpress\/wp-content\/uploads\/2025\/06\/4cd21107-a78a-4b1e-b582-87945217e5b6-225x300.jpg\" class=\"attachment-medium size-medium\" alt=\"\" srcset=\"https:\/\/www.lauriexport.de\/wordpress\/wp-content\/uploads\/2025\/06\/4cd21107-a78a-4b1e-b582-87945217e5b6-225x300.jpg 225w, https:\/\/www.lauriexport.de\/wordpress\/wp-content\/uploads\/2025\/06\/4cd21107-a78a-4b1e-b582-87945217e5b6.avif 720w\" sizes=\"(max-width: 225px) 100vw, 225px\" \/><\/a>\n\t\t\t<\/div><\/figure><figure class='gallery-item'>\n\t\t\t<div class='gallery-icon portrait'>\n\t\t\t\t<a data-elementor-open-lightbox=\"yes\" data-elementor-lightbox-slideshow=\"2a06762\" data-elementor-lightbox-title=\"a88c6ff5-1694-4fde-9f33-1839b161b052\" data-e-action-hash=\"#elementor-action%3Aaction%3Dlightbox%26settings%3DeyJpZCI6Mzg3NiwidXJsIjoiaHR0cHM6XC9cL3d3dy5sYXVyaWV4cG9ydC5kZVwvd29yZHByZXNzXC93cC1jb250ZW50XC91cGxvYWRzXC8yMDI1XC8wNlwvYTg4YzZmZjUtMTY5NC00ZmRlLTlmMzMtMTgzOWIxNjFiMDUyLmF2aWYiLCJzbGlkZXNob3ciOiIyYTA2NzYyIn0%3D\" href='https:\/\/www.lauriexport.de\/wordpress\/wp-content\/uploads\/2025\/06\/a88c6ff5-1694-4fde-9f33-1839b161b052.avif'><img decoding=\"async\" width=\"296\" height=\"300\" src=\"https:\/\/www.lauriexport.de\/wordpress\/wp-content\/uploads\/2025\/06\/a88c6ff5-1694-4fde-9f33-1839b161b052-296x300.jpg\" class=\"attachment-medium size-medium\" alt=\"\" srcset=\"https:\/\/www.lauriexport.de\/wordpress\/wp-content\/uploads\/2025\/06\/a88c6ff5-1694-4fde-9f33-1839b161b052-296x300.jpg 296w, https:\/\/www.lauriexport.de\/wordpress\/wp-content\/uploads\/2025\/06\/a88c6ff5-1694-4fde-9f33-1839b161b052-768x779.jpg 768w, https:\/\/www.lauriexport.de\/wordpress\/wp-content\/uploads\/2025\/06\/a88c6ff5-1694-4fde-9f33-1839b161b052.avif 947w\" sizes=\"(max-width: 296px) 100vw, 296px\" \/><\/a>\n\t\t\t<\/div><\/figure><figure class='gallery-item'>\n\t\t\t<div class='gallery-icon landscape'>\n\t\t\t\t<a data-elementor-open-lightbox=\"yes\" data-elementor-lightbox-slideshow=\"2a06762\" data-elementor-lightbox-title=\"d1d30331-035d-4c8e-a14d-cc946f692d0a\" data-e-action-hash=\"#elementor-action%3Aaction%3Dlightbox%26settings%3DeyJpZCI6Mzg3NywidXJsIjoiaHR0cHM6XC9cL3d3dy5sYXVyaWV4cG9ydC5kZVwvd29yZHByZXNzXC93cC1jb250ZW50XC91cGxvYWRzXC8yMDI1XC8wNlwvZDFkMzAzMzEtMDM1ZC00YzhlLWExNGQtY2M5NDZmNjkyZDBhLmF2aWYiLCJzbGlkZXNob3ciOiIyYTA2NzYyIn0%3D\" href='https:\/\/www.lauriexport.de\/wordpress\/wp-content\/uploads\/2025\/06\/d1d30331-035d-4c8e-a14d-cc946f692d0a.avif'><img loading=\"lazy\" decoding=\"async\" width=\"300\" height=\"283\" src=\"https:\/\/www.lauriexport.de\/wordpress\/wp-content\/uploads\/2025\/06\/d1d30331-035d-4c8e-a14d-cc946f692d0a-300x283.jpg\" class=\"attachment-medium size-medium\" alt=\"\" srcset=\"https:\/\/www.lauriexport.de\/wordpress\/wp-content\/uploads\/2025\/06\/d1d30331-035d-4c8e-a14d-cc946f692d0a-300x283.jpg 300w, https:\/\/www.lauriexport.de\/wordpress\/wp-content\/uploads\/2025\/06\/d1d30331-035d-4c8e-a14d-cc946f692d0a-768x724.jpg 768w, https:\/\/www.lauriexport.de\/wordpress\/wp-content\/uploads\/2025\/06\/d1d30331-035d-4c8e-a14d-cc946f692d0a.avif 960w\" sizes=\"(max-width: 300px) 100vw, 300px\" \/><\/a>\n\t\t\t<\/div><\/figure><figure class='gallery-item'>\n\t\t\t<div class='gallery-icon landscape'>\n\t\t\t\t<a data-elementor-open-lightbox=\"yes\" data-elementor-lightbox-slideshow=\"2a06762\" data-elementor-lightbox-title=\"d56958e4-3d8e-42ef-ba3d-2da78b744d5d\" data-e-action-hash=\"#elementor-action%3Aaction%3Dlightbox%26settings%3DeyJpZCI6Mzg3OCwidXJsIjoiaHR0cHM6XC9cL3d3dy5sYXVyaWV4cG9ydC5kZVwvd29yZHByZXNzXC93cC1jb250ZW50XC91cGxvYWRzXC8yMDI1XC8wNlwvZDU2OTU4ZTQtM2Q4ZS00MmVmLWJhM2QtMmRhNzhiNzQ0ZDVkLmF2aWYiLCJzbGlkZXNob3ciOiIyYTA2NzYyIn0%3D\" href='https:\/\/www.lauriexport.de\/wordpress\/wp-content\/uploads\/2025\/06\/d56958e4-3d8e-42ef-ba3d-2da78b744d5d.avif'><img loading=\"lazy\" decoding=\"async\" width=\"300\" height=\"278\" src=\"https:\/\/www.lauriexport.de\/wordpress\/wp-content\/uploads\/2025\/06\/d56958e4-3d8e-42ef-ba3d-2da78b744d5d-300x278.jpg\" class=\"attachment-medium size-medium\" alt=\"\" srcset=\"https:\/\/www.lauriexport.de\/wordpress\/wp-content\/uploads\/2025\/06\/d56958e4-3d8e-42ef-ba3d-2da78b744d5d-300x278.jpg 300w, https:\/\/www.lauriexport.de\/wordpress\/wp-content\/uploads\/2025\/06\/d56958e4-3d8e-42ef-ba3d-2da78b744d5d-768x712.jpg 768w, https:\/\/www.lauriexport.de\/wordpress\/wp-content\/uploads\/2025\/06\/d56958e4-3d8e-42ef-ba3d-2da78b744d5d.avif 960w\" sizes=\"(max-width: 300px) 100vw, 300px\" \/><\/a>\n\t\t\t<\/div><\/figure><figure class='gallery-item'>\n\t\t\t<div class='gallery-icon portrait'>\n\t\t\t\t<a data-elementor-open-lightbox=\"yes\" data-elementor-lightbox-slideshow=\"2a06762\" data-elementor-lightbox-title=\"e15da8f6-f845-402c-beca-5177d423b6b7\" data-e-action-hash=\"#elementor-action%3Aaction%3Dlightbox%26settings%3DeyJpZCI6Mzg3OSwidXJsIjoiaHR0cHM6XC9cL3d3dy5sYXVyaWV4cG9ydC5kZVwvd29yZHByZXNzXC93cC1jb250ZW50XC91cGxvYWRzXC8yMDI1XC8wNlwvZTE1ZGE4ZjYtZjg0NS00MDJjLWJlY2EtNTE3N2Q0MjNiNmI3LmF2aWYiLCJzbGlkZXNob3ciOiIyYTA2NzYyIn0%3D\" href='https:\/\/www.lauriexport.de\/wordpress\/wp-content\/uploads\/2025\/06\/e15da8f6-f845-402c-beca-5177d423b6b7.avif'><img loading=\"lazy\" decoding=\"async\" width=\"258\" height=\"300\" src=\"https:\/\/www.lauriexport.de\/wordpress\/wp-content\/uploads\/2025\/06\/e15da8f6-f845-402c-beca-5177d423b6b7-258x300.jpg\" class=\"attachment-medium size-medium\" alt=\"\" srcset=\"https:\/\/www.lauriexport.de\/wordpress\/wp-content\/uploads\/2025\/06\/e15da8f6-f845-402c-beca-5177d423b6b7-258x300.jpg 258w, https:\/\/www.lauriexport.de\/wordpress\/wp-content\/uploads\/2025\/06\/e15da8f6-f845-402c-beca-5177d423b6b7-768x894.jpg 768w, https:\/\/www.lauriexport.de\/wordpress\/wp-content\/uploads\/2025\/06\/e15da8f6-f845-402c-beca-5177d423b6b7.avif 825w\" sizes=\"(max-width: 258px) 100vw, 258px\" \/><\/a>\n\t\t\t<\/div><\/figure>\n\t\t<\/div>\n\t\t<\/div>\n\t\t\t\t\t\t<\/div>\n\t\t\t\t\t<\/div>\n\t\t<\/div>\n\t\t\t\t<div class=\"elementor-column elementor-col-50 elementor-top-column elementor-element elementor-element-4df1a87\" data-id=\"4df1a87\" data-element_type=\"column\" data-e-type=\"column\">\n\t\t\t<div class=\"elementor-widget-wrap elementor-element-populated\">\n\t\t\t\t\t\t<div class=\"elementor-element elementor-element-5520926 elementor-widget elementor-widget-text-editor\" data-id=\"5520926\" data-element_type=\"widget\" data-e-type=\"widget\" data-widget_type=\"text-editor.default\">\n\t\t\t\t\t\t\t\t\t<p>Verkaufe neuen CLARK Handhubwagen \u2013 Tragf\u00e4higkeit 2.500 kg<\/p><p>Preis: 350 Euro zzgl. MwSt.<\/p><p>Technische Daten:<\/p><p>Baujahr: 2024<\/p><p>Tragf\u00e4higkeit: 2.500 kg<\/p><p>Hubbereich: bis 200 mm<\/p><p>Gabell\u00e4nge: 1.150 mm<\/p><p>Eigengewicht: 63 kg<\/p><p>Das Ger\u00e4t ist neu und unbenutzt.<\/p><p>F\u00fcr weitere Fragen oder zur Vereinbarung eines Besichtigungs- und Probefahrt-Termins stehe ich gerne zur Verf\u00fcgung.<\/p>\t\t\t\t\t\t\t\t<\/div>\n\t\t\t\t\t<\/div>\n\t\t<\/div>\n\t\t\t\t\t<\/div>\n\t\t<\/section>\n\t\t\t\t<section class=\"elementor-section elementor-top-section elementor-element elementor-element-3dfa93d elementor-section-boxed elementor-section-height-default elementor-section-height-default\" data-id=\"3dfa93d\" data-element_type=\"section\" data-e-type=\"section\">\n\t\t\t\t\t\t<div class=\"elementor-container elementor-column-gap-default\">\n\t\t\t\t\t<div class=\"elementor-column elementor-col-100 elementor-top-column elementor-element elementor-element-85a0807\" data-id=\"85a0807\" data-element_type=\"column\" data-e-type=\"column\">\n\t\t\t<div class=\"elementor-widget-wrap elementor-element-populated\">\n\t\t\t\t\t\t<div class=\"elementor-element elementor-element-ec8152a elementor-widget elementor-widget-wpforms\" data-id=\"ec8152a\" data-element_type=\"widget\" data-e-type=\"widget\" data-widget_type=\"wpforms.default\">\n\t\t\t\t<div class=\"elementor-widget-container\">\n\t\t\t\t\t<div class=\"wpforms-container wpforms-container-full\" id=\"wpforms-264\"><form id=\"wpforms-form-264\" class=\"wpforms-validate wpforms-form\" data-formid=\"264\" method=\"post\" enctype=\"multipart\/form-data\" action=\"\/wordpress\/wp-json\/wp\/v2\/pages\/3883\" data-token=\"e162e1121234210a906d2b2a5b493c2c\" data-token-time=\"1775490905\"><noscript class=\"wpforms-error-noscript\">Bitte aktiviere JavaScript in deinem Browser, um dieses Formular fertigzustellen.<\/noscript><div class=\"wpforms-field-container\"><div id=\"wpforms-264-field_3-container\" class=\"wpforms-field wpforms-field-radio wpforms-list-2-columns\" data-field-id=\"3\"><label class=\"wpforms-field-label\">Ich habe Interesse  <span class=\"wpforms-required-label\">*<\/span><\/label><ul id=\"wpforms-264-field_3\" class=\"wpforms-field-required\"><li class=\"choice-1 depth-1\"><input type=\"radio\" id=\"wpforms-264-field_3_1\" name=\"wpforms[fields][3]\" value=\"an diesem Ger\u00e4t \" required ><label class=\"wpforms-field-label-inline\" for=\"wpforms-264-field_3_1\">an diesem Ger\u00e4t<\/label><\/li><li class=\"choice-2 depth-1\"><input type=\"radio\" id=\"wpforms-264-field_3_2\" name=\"wpforms[fields][3]\" value=\"an einem \u00e4hnlichem Ger\u00e4t \" required ><label class=\"wpforms-field-label-inline\" for=\"wpforms-264-field_3_2\">an einem \u00e4hnlichem Ger\u00e4t<\/label><\/li><li class=\"choice-3 depth-1\"><input type=\"radio\" id=\"wpforms-264-field_3_3\" name=\"wpforms[fields][3]\" value=\"an diesem Ersatzteil \" required ><label class=\"wpforms-field-label-inline\" for=\"wpforms-264-field_3_3\">an diesem Ersatzteil<\/label><\/li><li class=\"choice-4 depth-1\"><input type=\"radio\" id=\"wpforms-264-field_3_4\" name=\"wpforms[fields][3]\" value=\"an einem \u00e4hnlichen Ersatzteil \" required ><label class=\"wpforms-field-label-inline\" for=\"wpforms-264-field_3_4\">an einem \u00e4hnlichen Ersatzteil<\/label><\/li><\/ul><\/div><div id=\"wpforms-264-field_2-container\" class=\"wpforms-field wpforms-field-textarea\" data-field-id=\"2\"><label class=\"wpforms-field-label\" for=\"wpforms-264-field_2\">Kommentar oder Nachricht <span class=\"wpforms-required-label\">*<\/span><\/label><textarea id=\"wpforms-264-field_2\" class=\"wpforms-field-medium wpforms-field-required\" name=\"wpforms[fields][2]\" required><\/textarea><\/div><div id=\"wpforms-264-field_0-container\" class=\"wpforms-field wpforms-field-name\" data-field-id=\"0\"><label class=\"wpforms-field-label\" for=\"wpforms-264-field_0\">Name <span class=\"wpforms-required-label\">*<\/span><\/label><input type=\"text\" id=\"wpforms-264-field_0\" class=\"wpforms-field-medium wpforms-field-required\" name=\"wpforms[fields][0]\" required><\/div><div id=\"wpforms-264-field_1-container\" class=\"wpforms-field wpforms-field-email\" data-field-id=\"1\"><label class=\"wpforms-field-label\" for=\"wpforms-264-field_1\">E-Mail <span class=\"wpforms-required-label\">*<\/span><\/label><input type=\"email\" id=\"wpforms-264-field_1\" class=\"wpforms-field-medium wpforms-field-required\" name=\"wpforms[fields][1]\" spellcheck=\"false\" required><\/div><div id=\"wpforms-264-field_6-container\" class=\"wpforms-field wpforms-field-text\" data-field-id=\"6\"><label class=\"wpforms-field-label\" for=\"wpforms-264-field_6\">Telefonnummer <span class=\"wpforms-required-label\">*<\/span><\/label><input type=\"text\" id=\"wpforms-264-field_6\" class=\"wpforms-field-medium wpforms-field-required\" name=\"wpforms[fields][6]\" required><\/div><div id=\"wpforms-264-field_5-container\" class=\"wpforms-field wpforms-field-checkbox wpforms-list-inline\" data-field-id=\"5\"><ul id=\"wpforms-264-field_5\" class=\"wpforms-field-required\"><li class=\"choice-1 depth-1\"><input type=\"checkbox\" id=\"wpforms-264-field_5_1\" name=\"wpforms[fields][5][]\" value=\"Ich habe die &lt;a href=&quot;https:\/\/www.lauriexport.de\/wordpress\/datenschutz-2\/&quot; target=&quot;_blank&quot;&gt;Datenschutzerkl\u00e4rung&lt;\/a&gt; und Angaben gem\u00e4\u00df der Informationspflicht gem\u00e4\u00df EU-DSGVO zur Kenntnis genommen.\" required ><label class=\"wpforms-field-label-inline\" for=\"wpforms-264-field_5_1\">Ich habe die <a href=\"https:\/\/www.lauriexport.de\/wordpress\/datenschutz-2\/\" target=\"_blank\">Datenschutzerkl\u00e4rung<\/a> und Angaben gem\u00e4\u00df der Informationspflicht gem\u00e4\u00df EU-DSGVO zur Kenntnis genommen.<\/label><\/li><\/ul><\/div><\/div><!-- .wpforms-field-container --><div class=\"wpforms-recaptcha-container wpforms-is-recaptcha wpforms-is-recaptcha-type-v2\" ><div class=\"g-recaptcha\" data-sitekey=\"6Lej8zEgAAAAAISq4GPEqt5WgnfdShstI2XbFs_t\"><\/div><input type=\"text\" name=\"g-recaptcha-hidden\" class=\"wpforms-recaptcha-hidden\" style=\"position:absolute!important;clip:rect(0,0,0,0)!important;height:1px!important;width:1px!important;border:0!important;overflow:hidden!important;padding:0!important;margin:0!important;\" data-rule-recaptcha=\"1\"><\/div><div class=\"wpforms-submit-container\" ><input type=\"hidden\" name=\"wpforms[id]\" value=\"264\"><input type=\"hidden\" name=\"page_title\" value=\"\"><input type=\"hidden\" name=\"page_url\" value=\"https:\/\/www.lauriexport.de\/wordpress\/wp-json\/wp\/v2\/pages\/3883\"><input type=\"hidden\" name=\"url_referer\" value=\"\"><button type=\"submit\" name=\"wpforms[submit]\" id=\"wpforms-submit-264\" class=\"wpforms-submit\" data-alt-text=\"Senden...\" data-submit-text=\"Anfrage absenden &amp; kostenlose Beratung erhalten \" aria-live=\"assertive\" value=\"wpforms-submit\">Anfrage absenden &amp; kostenlose Beratung erhalten <\/button><\/div><\/form><\/div>  <!-- .wpforms-container -->\t\t\t\t<\/div>\n\t\t\t\t<\/div>\n\t\t\t\t\t<\/div>\n\t\t<\/div>\n\t\t\t\t\t<\/div>\n\t\t<\/section>\n\t\t\t\t<section class=\"elementor-section elementor-top-section elementor-element elementor-element-e2e03d3 elementor-section-boxed elementor-section-height-default elementor-section-height-default\" data-id=\"e2e03d3\" data-element_type=\"section\" data-e-type=\"section\">\n\t\t\t\t\t\t<div class=\"elementor-container elementor-column-gap-default\">\n\t\t\t\t\t<div class=\"elementor-column elementor-col-100 elementor-top-column elementor-element elementor-element-cded8d7\" data-id=\"cded8d7\" data-element_type=\"column\" data-e-type=\"column\">\n\t\t\t<div class=\"elementor-widget-wrap elementor-element-populated\">\n\t\t\t\t\t\t<div class=\"elementor-element elementor-element-936bf37 elementor-widget elementor-widget-spacer\" data-id=\"936bf37\" data-element_type=\"widget\" data-e-type=\"widget\" data-widget_type=\"spacer.default\">\n\t\t\t\t\t\t\t<div class=\"elementor-spacer\">\n\t\t\t<div class=\"elementor-spacer-inner\"><\/div>\n\t\t<\/div>\n\t\t\t\t\t\t<\/div>\n\t\t\t\t<div class=\"elementor-element elementor-element-c6e80b3 elementor-widget-divider--separator-type-pattern elementor-widget-divider--view-line elementor-widget elementor-widget-divider\" data-id=\"c6e80b3\" data-element_type=\"widget\" data-e-type=\"widget\" data-widget_type=\"divider.default\">\n\t\t\t\t\t\t\t<div class=\"elementor-divider\" style=\"--divider-pattern-url: url(&quot;data:image\/svg+xml,%3Csvg xmlns=&#039;http:\/\/www.w3.org\/2000\/svg&#039; preserveAspectRatio=&#039;none&#039; overflow=&#039;visible&#039; height=&#039;100%&#039; viewBox=&#039;0 0 24 24&#039; fill=&#039;none&#039; stroke=&#039;black&#039; stroke-width=&#039;1&#039; stroke-linecap=&#039;square&#039; stroke-miterlimit=&#039;10&#039;%3E%3Cpath d=&#039;M0,6c6,0,0.9,11.1,6.9,11.1S18,6,24,6&#039;\/%3E%3C\/svg%3E&quot;);\">\n\t\t\t<span class=\"elementor-divider-separator\">\n\t\t\t\t\t\t<\/span>\n\t\t<\/div>\n\t\t\t\t\t\t<\/div>\n\t\t\t\t<div class=\"elementor-element elementor-element-de2f731 elementor-widget elementor-widget-spacer\" data-id=\"de2f731\" data-element_type=\"widget\" data-e-type=\"widget\" data-widget_type=\"spacer.default\">\n\t\t\t\t\t\t\t<div class=\"elementor-spacer\">\n\t\t\t<div class=\"elementor-spacer-inner\"><\/div>\n\t\t<\/div>\n\t\t\t\t\t\t<\/div>\n\t\t\t\t\t<\/div>\n\t\t<\/div>\n\t\t\t\t\t<\/div>\n\t\t<\/section>\n\t\t\t\t<section class=\"elementor-section elementor-top-section elementor-element elementor-element-6d0118e5 elementor-section-boxed elementor-section-height-default elementor-section-height-default\" data-id=\"6d0118e5\" data-element_type=\"section\" data-e-type=\"section\">\n\t\t\t\t\t\t<div class=\"elementor-container elementor-column-gap-default\">\n\t\t\t\t\t<div class=\"elementor-column elementor-col-100 elementor-top-column elementor-element elementor-element-1bc585e3\" data-id=\"1bc585e3\" data-element_type=\"column\" data-e-type=\"column\">\n\t\t\t<div class=\"elementor-widget-wrap\">\n\t\t\t\t\t\t\t<\/div>\n\t\t<\/div>\n\t\t\t\t\t<\/div>\n\t\t<\/section>\n\t\t\t\t<\/div>\n\t\t","protected":false},"excerpt":{"rendered":"<p>CLARK Handhubwagen \u2013 Tragf\u00e4higkeit 2.500 kg Verkaufe neuen CLARK Handhubwagen \u2013 Tragf\u00e4higkeit 2.500 kg Preis: 350 Euro zzgl. MwSt. Technische Daten: Baujahr: 2024 Tragf\u00e4higkeit: 2.500 kg Hubbereich: bis 200 mm Gabell\u00e4nge: 1.150 mm Eigengewicht: 63 kg Das Ger\u00e4t ist neu und unbenutzt. F\u00fcr weitere Fragen oder zur Vereinbarung eines Besichtigungs- und Probefahrt-Termins stehe ich gerne &hellip;<\/p>\n","protected":false},"author":2,"featured_media":0,"parent":725,"menu_order":0,"comment_status":"closed","ping_status":"closed","template":"elementor_header_footer","meta":{"footnotes":""},"class_list":["post-3883","page","type-page","status-publish","hentry"],"_links":{"self":[{"href":"https:\/\/www.lauriexport.de\/wordpress\/wp-json\/wp\/v2\/pages\/3883","targetHints":{"allow":["GET"]}}],"collection":[{"href":"https:\/\/www.lauriexport.de\/wordpress\/wp-json\/wp\/v2\/pages"}],"about":[{"href":"https:\/\/www.lauriexport.de\/wordpress\/wp-json\/wp\/v2\/types\/page"}],"author":[{"embeddable":true,"href":"https:\/\/www.lauriexport.de\/wordpress\/wp-json\/wp\/v2\/users\/2"}],"replies":[{"embeddable":true,"href":"https:\/\/www.lauriexport.de\/wordpress\/wp-json\/wp\/v2\/comments?post=3883"}],"version-history":[{"count":7,"href":"https:\/\/www.lauriexport.de\/wordpress\/wp-json\/wp\/v2\/pages\/3883\/revisions"}],"predecessor-version":[{"id":3890,"href":"https:\/\/www.lauriexport.de\/wordpress\/wp-json\/wp\/v2\/pages\/3883\/revisions\/3890"}],"up":[{"embeddable":true,"href":"https:\/\/www.lauriexport.de\/wordpress\/wp-json\/wp\/v2\/pages\/725"}],"wp:attachment":[{"href":"https:\/\/www.lauriexport.de\/wordpress\/wp-json\/wp\/v2\/media?parent=3883"}],"curies":[{"name":"wp","href":"https:\/\/api.w.org\/{rel}","templated":true}]}}