{"id":3686,"date":"2025-06-27T21:47:53","date_gmt":"2025-06-27T19:47:53","guid":{"rendered":"https:\/\/www.lauriexport.de\/wordpress\/?page_id=3686"},"modified":"2025-06-27T21:55:25","modified_gmt":"2025-06-27T19:55:25","slug":"clark-s35lstill-r-20-15-1-5-tonnen-elektro-gabelstaplerclark-s35l","status":"publish","type":"page","link":"https:\/\/www.lauriexport.de\/wordpress\/katalog\/frontstapler\/clark-s35lstill-r-20-15-1-5-tonnen-elektro-gabelstaplerclark-s35l\/","title":{"rendered":"Still R 20-15, 1.5-Tonnen Elektro Gabelstapler"},"content":{"rendered":"\t\t<div data-elementor-type=\"wp-page\" data-elementor-id=\"3686\" class=\"elementor elementor-3686\">\n\t\t\t\t\t\t<section class=\"elementor-section elementor-top-section elementor-element elementor-element-448acf27 elementor-section-boxed elementor-section-height-default elementor-section-height-default\" data-id=\"448acf27\" data-element_type=\"section\" data-e-type=\"section\">\n\t\t\t\t\t\t<div class=\"elementor-container elementor-column-gap-default\">\n\t\t\t\t\t<div class=\"elementor-column elementor-col-100 elementor-top-column elementor-element elementor-element-65f5e7d5\" data-id=\"65f5e7d5\" data-element_type=\"column\" data-e-type=\"column\">\n\t\t\t<div class=\"elementor-widget-wrap elementor-element-populated\">\n\t\t\t\t\t\t<div class=\"elementor-element elementor-element-67751889 elementor-widget elementor-widget-spacer\" data-id=\"67751889\" data-element_type=\"widget\" data-e-type=\"widget\" data-widget_type=\"spacer.default\">\n\t\t\t\t\t\t\t<div class=\"elementor-spacer\">\n\t\t\t<div class=\"elementor-spacer-inner\"><\/div>\n\t\t<\/div>\n\t\t\t\t\t\t<\/div>\n\t\t\t\t\t<\/div>\n\t\t<\/div>\n\t\t\t\t\t<\/div>\n\t\t<\/section>\n\t\t\t\t<section class=\"elementor-section elementor-top-section elementor-element elementor-element-5f5fa199 elementor-section-boxed elementor-section-height-default elementor-section-height-default\" data-id=\"5f5fa199\" data-element_type=\"section\" data-e-type=\"section\">\n\t\t\t\t\t\t<div class=\"elementor-container elementor-column-gap-default\">\n\t\t\t\t\t<div class=\"elementor-column elementor-col-100 elementor-top-column elementor-element elementor-element-3b822968\" data-id=\"3b822968\" data-element_type=\"column\" data-e-type=\"column\">\n\t\t\t<div class=\"elementor-widget-wrap elementor-element-populated\">\n\t\t\t\t\t\t<div class=\"elementor-element elementor-element-54ec1690 elementor-invisible elementor-widget elementor-widget-heading\" data-id=\"54ec1690\" data-element_type=\"widget\" data-e-type=\"widget\" data-settings=\"{&quot;_animation&quot;:&quot;fadeInRight&quot;}\" data-widget_type=\"heading.default\">\n\t\t\t\t\t<h1 class=\"elementor-heading-title elementor-size-default\">Still R 20-15, 1.5-Tonnen Elektro Gabelstapler<\/h1>\t\t\t\t<\/div>\n\t\t\t\t<div class=\"elementor-element elementor-element-331c4068 elementor-widget-divider--separator-type-pattern elementor-widget-divider--view-line elementor-widget elementor-widget-divider\" data-id=\"331c4068\" data-element_type=\"widget\" data-e-type=\"widget\" data-widget_type=\"divider.default\">\n\t\t\t\t\t\t\t<div class=\"elementor-divider\" style=\"--divider-pattern-url: url(&quot;data:image\/svg+xml,%3Csvg xmlns=&#039;http:\/\/www.w3.org\/2000\/svg&#039; preserveAspectRatio=&#039;none&#039; overflow=&#039;visible&#039; height=&#039;100%&#039; viewBox=&#039;0 0 24 24&#039; fill=&#039;none&#039; stroke=&#039;black&#039; stroke-width=&#039;1&#039; stroke-linecap=&#039;square&#039; stroke-miterlimit=&#039;10&#039;%3E%3Cpath d=&#039;M0,6c6,0,0.9,11.1,6.9,11.1S18,6,24,6&#039;\/%3E%3C\/svg%3E&quot;);\">\n\t\t\t<span class=\"elementor-divider-separator\">\n\t\t\t\t\t\t<\/span>\n\t\t<\/div>\n\t\t\t\t\t\t<\/div>\n\t\t\t\t\t<\/div>\n\t\t<\/div>\n\t\t\t\t\t<\/div>\n\t\t<\/section>\n\t\t\t\t<section class=\"elementor-section elementor-top-section elementor-element elementor-element-11ae50fa elementor-section-boxed elementor-section-height-default elementor-section-height-default\" data-id=\"11ae50fa\" data-element_type=\"section\" data-e-type=\"section\">\n\t\t\t\t\t\t<div class=\"elementor-container elementor-column-gap-default\">\n\t\t\t\t\t<div class=\"elementor-column elementor-col-50 elementor-top-column elementor-element elementor-element-5d5b5e8c\" data-id=\"5d5b5e8c\" data-element_type=\"column\" data-e-type=\"column\">\n\t\t\t<div class=\"elementor-widget-wrap elementor-element-populated\">\n\t\t\t\t\t\t<div class=\"elementor-element elementor-element-2bc43cd8 elementor-widget elementor-widget-image\" data-id=\"2bc43cd8\" data-element_type=\"widget\" data-e-type=\"widget\" data-widget_type=\"image.default\">\n\t\t\t\t\t\t\t\t\t\t\t\t\t\t\t<img fetchpriority=\"high\" decoding=\"async\" width=\"720\" height=\"960\" src=\"https:\/\/www.lauriexport.de\/wordpress\/wp-content\/uploads\/2025\/06\/2b73dd6d-ac5e-4d6d-93a2-20ffb53b7f6e.avif\" class=\"attachment-large size-large wp-image-3584\" alt=\"\" srcset=\"https:\/\/www.lauriexport.de\/wordpress\/wp-content\/uploads\/2025\/06\/2b73dd6d-ac5e-4d6d-93a2-20ffb53b7f6e.avif 720w, https:\/\/www.lauriexport.de\/wordpress\/wp-content\/uploads\/2025\/06\/2b73dd6d-ac5e-4d6d-93a2-20ffb53b7f6e-225x300.jpg 225w\" sizes=\"(max-width: 720px) 100vw, 720px\" \/>\t\t\t\t\t\t\t\t\t\t\t\t\t\t\t<\/div>\n\t\t\t\t<div class=\"elementor-element elementor-element-691ee4b elementor-invisible elementor-widget elementor-widget-image-gallery\" data-id=\"691ee4b\" data-element_type=\"widget\" data-e-type=\"widget\" data-settings=\"{&quot;_animation&quot;:&quot;fadeIn&quot;}\" data-widget_type=\"image-gallery.default\">\n\t\t\t\t\t\t\t<div class=\"elementor-image-gallery\">\n\t\t\t<div id='gallery-1' class='gallery galleryid-3686 gallery-columns-4 gallery-size-medium'><figure class='gallery-item'>\n\t\t\t<div class='gallery-icon portrait'>\n\t\t\t\t<a data-elementor-open-lightbox=\"yes\" data-elementor-lightbox-slideshow=\"691ee4b\" data-elementor-lightbox-title=\"2b73dd6d-ac5e-4d6d-93a2-20ffb53b7f6e-1\" data-e-action-hash=\"#elementor-action%3Aaction%3Dlightbox%26settings%3DeyJpZCI6MzU4MywidXJsIjoiaHR0cHM6XC9cL3d3dy5sYXVyaWV4cG9ydC5kZVwvd29yZHByZXNzXC93cC1jb250ZW50XC91cGxvYWRzXC8yMDI1XC8wNlwvMmI3M2RkNmQtYWM1ZS00ZDZkLTkzYTItMjBmZmI1M2I3ZjZlLTEuYXZpZiIsInNsaWRlc2hvdyI6IjY5MWVlNGIifQ%3D%3D\" href='https:\/\/www.lauriexport.de\/wordpress\/wp-content\/uploads\/2025\/06\/2b73dd6d-ac5e-4d6d-93a2-20ffb53b7f6e-1.avif'><img decoding=\"async\" width=\"225\" height=\"300\" src=\"https:\/\/www.lauriexport.de\/wordpress\/wp-content\/uploads\/2025\/06\/2b73dd6d-ac5e-4d6d-93a2-20ffb53b7f6e-1-225x300.jpg\" class=\"attachment-medium size-medium\" alt=\"\" srcset=\"https:\/\/www.lauriexport.de\/wordpress\/wp-content\/uploads\/2025\/06\/2b73dd6d-ac5e-4d6d-93a2-20ffb53b7f6e-1-225x300.jpg 225w, https:\/\/www.lauriexport.de\/wordpress\/wp-content\/uploads\/2025\/06\/2b73dd6d-ac5e-4d6d-93a2-20ffb53b7f6e-1.avif 720w\" sizes=\"(max-width: 225px) 100vw, 225px\" \/><\/a>\n\t\t\t<\/div><\/figure><figure class='gallery-item'>\n\t\t\t<div class='gallery-icon portrait'>\n\t\t\t\t<a data-elementor-open-lightbox=\"yes\" data-elementor-lightbox-slideshow=\"691ee4b\" data-elementor-lightbox-title=\"039ded2a-467e-4279-9097-c708178e74d2\" data-e-action-hash=\"#elementor-action%3Aaction%3Dlightbox%26settings%3DeyJpZCI6MzU4NSwidXJsIjoiaHR0cHM6XC9cL3d3dy5sYXVyaWV4cG9ydC5kZVwvd29yZHByZXNzXC93cC1jb250ZW50XC91cGxvYWRzXC8yMDI1XC8wNlwvMDM5ZGVkMmEtNDY3ZS00Mjc5LTkwOTctYzcwODE3OGU3NGQyLmF2aWYiLCJzbGlkZXNob3ciOiI2OTFlZTRiIn0%3D\" href='https:\/\/www.lauriexport.de\/wordpress\/wp-content\/uploads\/2025\/06\/039ded2a-467e-4279-9097-c708178e74d2.avif'><img decoding=\"async\" width=\"268\" height=\"300\" src=\"https:\/\/www.lauriexport.de\/wordpress\/wp-content\/uploads\/2025\/06\/039ded2a-467e-4279-9097-c708178e74d2-268x300.jpg\" class=\"attachment-medium size-medium\" alt=\"\" srcset=\"https:\/\/www.lauriexport.de\/wordpress\/wp-content\/uploads\/2025\/06\/039ded2a-467e-4279-9097-c708178e74d2-268x300.jpg 268w, https:\/\/www.lauriexport.de\/wordpress\/wp-content\/uploads\/2025\/06\/039ded2a-467e-4279-9097-c708178e74d2-768x859.jpg 768w, https:\/\/www.lauriexport.de\/wordpress\/wp-content\/uploads\/2025\/06\/039ded2a-467e-4279-9097-c708178e74d2.avif 858w\" sizes=\"(max-width: 268px) 100vw, 268px\" \/><\/a>\n\t\t\t<\/div><\/figure><figure class='gallery-item'>\n\t\t\t<div class='gallery-icon portrait'>\n\t\t\t\t<a data-elementor-open-lightbox=\"yes\" data-elementor-lightbox-slideshow=\"691ee4b\" data-elementor-lightbox-title=\"49d8df31-ef41-41cb-971b-04c6a5928ac4\" data-e-action-hash=\"#elementor-action%3Aaction%3Dlightbox%26settings%3DeyJpZCI6MzU4NiwidXJsIjoiaHR0cHM6XC9cL3d3dy5sYXVyaWV4cG9ydC5kZVwvd29yZHByZXNzXC93cC1jb250ZW50XC91cGxvYWRzXC8yMDI1XC8wNlwvNDlkOGRmMzEtZWY0MS00MWNiLTk3MWItMDRjNmE1OTI4YWM0LmF2aWYiLCJzbGlkZXNob3ciOiI2OTFlZTRiIn0%3D\" href='https:\/\/www.lauriexport.de\/wordpress\/wp-content\/uploads\/2025\/06\/49d8df31-ef41-41cb-971b-04c6a5928ac4.avif'><img loading=\"lazy\" decoding=\"async\" width=\"225\" height=\"300\" src=\"https:\/\/www.lauriexport.de\/wordpress\/wp-content\/uploads\/2025\/06\/49d8df31-ef41-41cb-971b-04c6a5928ac4-225x300.jpg\" class=\"attachment-medium size-medium\" alt=\"\" srcset=\"https:\/\/www.lauriexport.de\/wordpress\/wp-content\/uploads\/2025\/06\/49d8df31-ef41-41cb-971b-04c6a5928ac4-225x300.jpg 225w, https:\/\/www.lauriexport.de\/wordpress\/wp-content\/uploads\/2025\/06\/49d8df31-ef41-41cb-971b-04c6a5928ac4.avif 720w\" sizes=\"(max-width: 225px) 100vw, 225px\" \/><\/a>\n\t\t\t<\/div><\/figure><figure class='gallery-item'>\n\t\t\t<div class='gallery-icon portrait'>\n\t\t\t\t<a data-elementor-open-lightbox=\"yes\" data-elementor-lightbox-slideshow=\"691ee4b\" data-elementor-lightbox-title=\"e67b9a2e-d04a-4717-abb7-e890ca0f621f\" data-e-action-hash=\"#elementor-action%3Aaction%3Dlightbox%26settings%3DeyJpZCI6MzU5MSwidXJsIjoiaHR0cHM6XC9cL3d3dy5sYXVyaWV4cG9ydC5kZVwvd29yZHByZXNzXC93cC1jb250ZW50XC91cGxvYWRzXC8yMDI1XC8wNlwvZTY3YjlhMmUtZDA0YS00NzE3LWFiYjctZTg5MGNhMGY2MjFmLmF2aWYiLCJzbGlkZXNob3ciOiI2OTFlZTRiIn0%3D\" href='https:\/\/www.lauriexport.de\/wordpress\/wp-content\/uploads\/2025\/06\/e67b9a2e-d04a-4717-abb7-e890ca0f621f.avif'><img loading=\"lazy\" decoding=\"async\" width=\"225\" height=\"300\" src=\"https:\/\/www.lauriexport.de\/wordpress\/wp-content\/uploads\/2025\/06\/e67b9a2e-d04a-4717-abb7-e890ca0f621f-225x300.jpg\" class=\"attachment-medium size-medium\" alt=\"\" srcset=\"https:\/\/www.lauriexport.de\/wordpress\/wp-content\/uploads\/2025\/06\/e67b9a2e-d04a-4717-abb7-e890ca0f621f-225x300.jpg 225w, https:\/\/www.lauriexport.de\/wordpress\/wp-content\/uploads\/2025\/06\/e67b9a2e-d04a-4717-abb7-e890ca0f621f.avif 720w\" sizes=\"(max-width: 225px) 100vw, 225px\" \/><\/a>\n\t\t\t<\/div><\/figure><figure class='gallery-item'>\n\t\t\t<div class='gallery-icon landscape'>\n\t\t\t\t<a data-elementor-open-lightbox=\"yes\" data-elementor-lightbox-slideshow=\"691ee4b\" data-elementor-lightbox-title=\"e9d790f7-d17c-4970-a7ce-c1c8f46ce3ff\" data-e-action-hash=\"#elementor-action%3Aaction%3Dlightbox%26settings%3DeyJpZCI6MzU5MCwidXJsIjoiaHR0cHM6XC9cL3d3dy5sYXVyaWV4cG9ydC5kZVwvd29yZHByZXNzXC93cC1jb250ZW50XC91cGxvYWRzXC8yMDI1XC8wNlwvZTlkNzkwZjctZDE3Yy00OTcwLWE3Y2UtYzFjOGY0NmNlM2ZmLmF2aWYiLCJzbGlkZXNob3ciOiI2OTFlZTRiIn0%3D\" href='https:\/\/www.lauriexport.de\/wordpress\/wp-content\/uploads\/2025\/06\/e9d790f7-d17c-4970-a7ce-c1c8f46ce3ff.avif'><img loading=\"lazy\" decoding=\"async\" width=\"300\" height=\"225\" src=\"https:\/\/www.lauriexport.de\/wordpress\/wp-content\/uploads\/2025\/06\/e9d790f7-d17c-4970-a7ce-c1c8f46ce3ff-300x225.jpg\" class=\"attachment-medium size-medium\" alt=\"\" srcset=\"https:\/\/www.lauriexport.de\/wordpress\/wp-content\/uploads\/2025\/06\/e9d790f7-d17c-4970-a7ce-c1c8f46ce3ff-300x225.jpg 300w, https:\/\/www.lauriexport.de\/wordpress\/wp-content\/uploads\/2025\/06\/e9d790f7-d17c-4970-a7ce-c1c8f46ce3ff-768x576.jpg 768w, https:\/\/www.lauriexport.de\/wordpress\/wp-content\/uploads\/2025\/06\/e9d790f7-d17c-4970-a7ce-c1c8f46ce3ff.avif 960w\" sizes=\"(max-width: 300px) 100vw, 300px\" \/><\/a>\n\t\t\t<\/div><\/figure>\n\t\t<\/div>\n\t\t<\/div>\n\t\t\t\t\t\t<\/div>\n\t\t\t\t\t<\/div>\n\t\t<\/div>\n\t\t\t\t<div class=\"elementor-column elementor-col-50 elementor-top-column elementor-element elementor-element-7249e8cf\" data-id=\"7249e8cf\" data-element_type=\"column\" data-e-type=\"column\">\n\t\t\t<div class=\"elementor-widget-wrap elementor-element-populated\">\n\t\t\t\t\t\t<div class=\"elementor-element elementor-element-38f31138 elementor-widget elementor-widget-text-editor\" data-id=\"38f31138\" data-element_type=\"widget\" data-e-type=\"widget\" data-widget_type=\"text-editor.default\">\n\t\t\t\t\t\t\t\t\t<p>Verkaufe Still R 20-15 \u2013 Elektro-Gabelstapler<\/p><p>Der Stapler ist fahrbereit und hebt ohne Probleme.<br \/>Er funktioniert einwandfrei und ist absolut trocken \u2013 kein \u00d6laustritt.<br \/>Optisch mit Gebrauchsspuren (siehe Bilder).<\/p><p>Preis: 5.500 Euro zzgl. MwSt.<\/p><p>Technische Daten:<\/p><p>Modell: Still R 20-15<\/p><p>Baujahr: 1998<\/p><p>Antrieb: Elektro<\/p><p>Betriebsstunden: 2.935 h<\/p><p>Tragkraft: 1.500 kg<\/p><p>Bauh\u00f6he: 2.200 mm<\/p><p>Hubh\u00f6he: 3.400 mm<\/p><p>Masttyp: Duplex<\/p><p>Gabell\u00e4nge: 1.200 mm<\/p><p>Eigengewicht: 3.080 kg<\/p><p>Batterie: 48V \/ 625 Ah (aus 2017)<\/p><p>Inkl. Ladeger\u00e4t<\/p><p>Ausstattung:<br \/>\u2013 Schutzdach<br \/>\u2013 3. Ventil<br \/>\u2013 Seitenschieber<br \/>\u2013 Arbeitsscheinwerfer vorne<br \/>\u2013 Warnleuchte hinten<\/p><p>F\u00fcr weitere Fragen oder zur Vereinbarung eines Besichtigungs- und Probefahrt-Termins stehe ich gerne zur Verf\u00fcgung.<\/p>\t\t\t\t\t\t\t\t<\/div>\n\t\t\t\t\t<\/div>\n\t\t<\/div>\n\t\t\t\t\t<\/div>\n\t\t<\/section>\n\t\t\t\t<section class=\"elementor-section elementor-top-section elementor-element elementor-element-39b5f5f5 elementor-section-boxed elementor-section-height-default elementor-section-height-default\" data-id=\"39b5f5f5\" data-element_type=\"section\" data-e-type=\"section\">\n\t\t\t\t\t\t<div class=\"elementor-container elementor-column-gap-default\">\n\t\t\t\t\t<div class=\"elementor-column elementor-col-100 elementor-top-column elementor-element elementor-element-157c926\" data-id=\"157c926\" data-element_type=\"column\" data-e-type=\"column\">\n\t\t\t<div class=\"elementor-widget-wrap elementor-element-populated\">\n\t\t\t\t\t\t<div class=\"elementor-element elementor-element-4681ff34 elementor-widget elementor-widget-wpforms\" data-id=\"4681ff34\" data-element_type=\"widget\" data-e-type=\"widget\" data-widget_type=\"wpforms.default\">\n\t\t\t\t<div class=\"elementor-widget-container\">\n\t\t\t\t\t<div class=\"wpforms-container wpforms-container-full\" id=\"wpforms-264\"><form id=\"wpforms-form-264\" class=\"wpforms-validate wpforms-form\" data-formid=\"264\" method=\"post\" enctype=\"multipart\/form-data\" action=\"\/wordpress\/wp-json\/wp\/v2\/pages\/3686\" data-token=\"e162e1121234210a906d2b2a5b493c2c\" data-token-time=\"1775490906\"><noscript class=\"wpforms-error-noscript\">Bitte aktiviere JavaScript in deinem Browser, um dieses Formular fertigzustellen.<\/noscript><div class=\"wpforms-field-container\"><div id=\"wpforms-264-field_3-container\" class=\"wpforms-field wpforms-field-radio wpforms-list-2-columns\" data-field-id=\"3\"><label class=\"wpforms-field-label\">Ich habe Interesse  <span class=\"wpforms-required-label\">*<\/span><\/label><ul id=\"wpforms-264-field_3\" class=\"wpforms-field-required\"><li class=\"choice-1 depth-1\"><input type=\"radio\" id=\"wpforms-264-field_3_1\" name=\"wpforms[fields][3]\" value=\"an diesem Ger\u00e4t \" required ><label class=\"wpforms-field-label-inline\" for=\"wpforms-264-field_3_1\">an diesem Ger\u00e4t<\/label><\/li><li class=\"choice-2 depth-1\"><input type=\"radio\" id=\"wpforms-264-field_3_2\" name=\"wpforms[fields][3]\" value=\"an einem \u00e4hnlichem Ger\u00e4t \" required ><label class=\"wpforms-field-label-inline\" for=\"wpforms-264-field_3_2\">an einem \u00e4hnlichem Ger\u00e4t<\/label><\/li><li class=\"choice-3 depth-1\"><input type=\"radio\" id=\"wpforms-264-field_3_3\" name=\"wpforms[fields][3]\" value=\"an diesem Ersatzteil \" required ><label class=\"wpforms-field-label-inline\" for=\"wpforms-264-field_3_3\">an diesem Ersatzteil<\/label><\/li><li class=\"choice-4 depth-1\"><input type=\"radio\" id=\"wpforms-264-field_3_4\" name=\"wpforms[fields][3]\" value=\"an einem \u00e4hnlichen Ersatzteil \" required ><label class=\"wpforms-field-label-inline\" for=\"wpforms-264-field_3_4\">an einem \u00e4hnlichen Ersatzteil<\/label><\/li><\/ul><\/div><div id=\"wpforms-264-field_2-container\" class=\"wpforms-field wpforms-field-textarea\" data-field-id=\"2\"><label class=\"wpforms-field-label\" for=\"wpforms-264-field_2\">Kommentar oder Nachricht <span class=\"wpforms-required-label\">*<\/span><\/label><textarea id=\"wpforms-264-field_2\" class=\"wpforms-field-medium wpforms-field-required\" name=\"wpforms[fields][2]\" required><\/textarea><\/div><div id=\"wpforms-264-field_0-container\" class=\"wpforms-field wpforms-field-name\" data-field-id=\"0\"><label class=\"wpforms-field-label\" for=\"wpforms-264-field_0\">Name <span class=\"wpforms-required-label\">*<\/span><\/label><input type=\"text\" id=\"wpforms-264-field_0\" class=\"wpforms-field-medium wpforms-field-required\" name=\"wpforms[fields][0]\" required><\/div><div id=\"wpforms-264-field_1-container\" class=\"wpforms-field wpforms-field-email\" data-field-id=\"1\"><label class=\"wpforms-field-label\" for=\"wpforms-264-field_1\">E-Mail <span class=\"wpforms-required-label\">*<\/span><\/label><input type=\"email\" id=\"wpforms-264-field_1\" class=\"wpforms-field-medium wpforms-field-required\" name=\"wpforms[fields][1]\" spellcheck=\"false\" required><\/div><div id=\"wpforms-264-field_6-container\" class=\"wpforms-field wpforms-field-text\" data-field-id=\"6\"><label class=\"wpforms-field-label\" for=\"wpforms-264-field_6\">Telefonnummer <span class=\"wpforms-required-label\">*<\/span><\/label><input type=\"text\" id=\"wpforms-264-field_6\" class=\"wpforms-field-medium wpforms-field-required\" name=\"wpforms[fields][6]\" required><\/div><div id=\"wpforms-264-field_5-container\" class=\"wpforms-field wpforms-field-checkbox wpforms-list-inline\" data-field-id=\"5\"><ul id=\"wpforms-264-field_5\" class=\"wpforms-field-required\"><li class=\"choice-1 depth-1\"><input type=\"checkbox\" id=\"wpforms-264-field_5_1\" name=\"wpforms[fields][5][]\" value=\"Ich habe die &lt;a href=&quot;https:\/\/www.lauriexport.de\/wordpress\/datenschutz-2\/&quot; target=&quot;_blank&quot;&gt;Datenschutzerkl\u00e4rung&lt;\/a&gt; und Angaben gem\u00e4\u00df der Informationspflicht gem\u00e4\u00df EU-DSGVO zur Kenntnis genommen.\" required ><label class=\"wpforms-field-label-inline\" for=\"wpforms-264-field_5_1\">Ich habe die <a href=\"https:\/\/www.lauriexport.de\/wordpress\/datenschutz-2\/\" target=\"_blank\">Datenschutzerkl\u00e4rung<\/a> und Angaben gem\u00e4\u00df der Informationspflicht gem\u00e4\u00df EU-DSGVO zur Kenntnis genommen.<\/label><\/li><\/ul><\/div><\/div><!-- .wpforms-field-container --><div class=\"wpforms-recaptcha-container wpforms-is-recaptcha wpforms-is-recaptcha-type-v2\" ><div class=\"g-recaptcha\" data-sitekey=\"6Lej8zEgAAAAAISq4GPEqt5WgnfdShstI2XbFs_t\"><\/div><input type=\"text\" name=\"g-recaptcha-hidden\" class=\"wpforms-recaptcha-hidden\" style=\"position:absolute!important;clip:rect(0,0,0,0)!important;height:1px!important;width:1px!important;border:0!important;overflow:hidden!important;padding:0!important;margin:0!important;\" data-rule-recaptcha=\"1\"><\/div><div class=\"wpforms-submit-container\" ><input type=\"hidden\" name=\"wpforms[id]\" value=\"264\"><input type=\"hidden\" name=\"page_title\" value=\"\"><input type=\"hidden\" name=\"page_url\" value=\"https:\/\/www.lauriexport.de\/wordpress\/wp-json\/wp\/v2\/pages\/3686\"><input type=\"hidden\" name=\"url_referer\" value=\"\"><button type=\"submit\" name=\"wpforms[submit]\" id=\"wpforms-submit-264\" class=\"wpforms-submit\" data-alt-text=\"Senden...\" data-submit-text=\"Anfrage absenden &amp; kostenlose Beratung erhalten \" aria-live=\"assertive\" value=\"wpforms-submit\">Anfrage absenden &amp; kostenlose Beratung erhalten <\/button><\/div><\/form><\/div>  <!-- .wpforms-container -->\t\t\t\t<\/div>\n\t\t\t\t<\/div>\n\t\t\t\t\t<\/div>\n\t\t<\/div>\n\t\t\t\t\t<\/div>\n\t\t<\/section>\n\t\t\t\t<section class=\"elementor-section elementor-top-section elementor-element elementor-element-44f4bbd7 elementor-section-boxed elementor-section-height-default elementor-section-height-default\" data-id=\"44f4bbd7\" data-element_type=\"section\" data-e-type=\"section\">\n\t\t\t\t\t\t<div class=\"elementor-container elementor-column-gap-default\">\n\t\t\t\t\t<div class=\"elementor-column elementor-col-100 elementor-top-column elementor-element elementor-element-26c50f37\" data-id=\"26c50f37\" data-element_type=\"column\" data-e-type=\"column\">\n\t\t\t<div class=\"elementor-widget-wrap elementor-element-populated\">\n\t\t\t\t\t\t<div class=\"elementor-element elementor-element-5109438b elementor-widget elementor-widget-spacer\" data-id=\"5109438b\" data-element_type=\"widget\" data-e-type=\"widget\" data-widget_type=\"spacer.default\">\n\t\t\t\t\t\t\t<div class=\"elementor-spacer\">\n\t\t\t<div class=\"elementor-spacer-inner\"><\/div>\n\t\t<\/div>\n\t\t\t\t\t\t<\/div>\n\t\t\t\t<div class=\"elementor-element elementor-element-10abee6e elementor-widget-divider--separator-type-pattern elementor-widget-divider--view-line elementor-widget elementor-widget-divider\" data-id=\"10abee6e\" data-element_type=\"widget\" data-e-type=\"widget\" data-widget_type=\"divider.default\">\n\t\t\t\t\t\t\t<div class=\"elementor-divider\" style=\"--divider-pattern-url: url(&quot;data:image\/svg+xml,%3Csvg xmlns=&#039;http:\/\/www.w3.org\/2000\/svg&#039; preserveAspectRatio=&#039;none&#039; overflow=&#039;visible&#039; height=&#039;100%&#039; viewBox=&#039;0 0 24 24&#039; fill=&#039;none&#039; stroke=&#039;black&#039; stroke-width=&#039;1&#039; stroke-linecap=&#039;square&#039; stroke-miterlimit=&#039;10&#039;%3E%3Cpath d=&#039;M0,6c6,0,0.9,11.1,6.9,11.1S18,6,24,6&#039;\/%3E%3C\/svg%3E&quot;);\">\n\t\t\t<span class=\"elementor-divider-separator\">\n\t\t\t\t\t\t<\/span>\n\t\t<\/div>\n\t\t\t\t\t\t<\/div>\n\t\t\t\t<div class=\"elementor-element elementor-element-6ccc8134 elementor-widget elementor-widget-spacer\" data-id=\"6ccc8134\" data-element_type=\"widget\" data-e-type=\"widget\" data-widget_type=\"spacer.default\">\n\t\t\t\t\t\t\t<div class=\"elementor-spacer\">\n\t\t\t<div class=\"elementor-spacer-inner\"><\/div>\n\t\t<\/div>\n\t\t\t\t\t\t<\/div>\n\t\t\t\t\t<\/div>\n\t\t<\/div>\n\t\t\t\t\t<\/div>\n\t\t<\/section>\n\t\t\t\t<section class=\"elementor-section elementor-top-section elementor-element elementor-element-53ca2e21 elementor-section-boxed elementor-section-height-default elementor-section-height-default\" data-id=\"53ca2e21\" data-element_type=\"section\" data-e-type=\"section\">\n\t\t\t\t\t\t<div class=\"elementor-container elementor-column-gap-default\">\n\t\t\t\t\t<div class=\"elementor-column elementor-col-100 elementor-top-column elementor-element elementor-element-29fd7385\" data-id=\"29fd7385\" data-element_type=\"column\" data-e-type=\"column\">\n\t\t\t<div class=\"elementor-widget-wrap elementor-element-populated\">\n\t\t\t\t\t\t<div class=\"elementor-element elementor-element-16e7116 elementor-widget elementor-widget-spacer\" data-id=\"16e7116\" data-element_type=\"widget\" data-e-type=\"widget\" data-widget_type=\"spacer.default\">\n\t\t\t\t\t\t\t<div class=\"elementor-spacer\">\n\t\t\t<div class=\"elementor-spacer-inner\"><\/div>\n\t\t<\/div>\n\t\t\t\t\t\t<\/div>\n\t\t\t\t\t<\/div>\n\t\t<\/div>\n\t\t\t\t\t<\/div>\n\t\t<\/section>\n\t\t\t\t<\/div>\n\t\t","protected":false},"excerpt":{"rendered":"<p>Still R 20-15, 1.5-Tonnen Elektro Gabelstapler Verkaufe Still R 20-15 \u2013 Elektro-Gabelstapler Der Stapler ist fahrbereit und hebt ohne Probleme.Er funktioniert einwandfrei und ist absolut trocken \u2013 kein \u00d6laustritt.Optisch mit Gebrauchsspuren (siehe Bilder). Preis: 5.500 Euro zzgl. MwSt. Technische Daten: Modell: Still R 20-15 Baujahr: 1998 Antrieb: Elektro Betriebsstunden: 2.935 h Tragkraft: 1.500 kg Bauh\u00f6he: &hellip;<\/p>\n","protected":false},"author":2,"featured_media":0,"parent":713,"menu_order":0,"comment_status":"closed","ping_status":"closed","template":"elementor_header_footer","meta":{"footnotes":""},"class_list":["post-3686","page","type-page","status-publish","hentry"],"_links":{"self":[{"href":"https:\/\/www.lauriexport.de\/wordpress\/wp-json\/wp\/v2\/pages\/3686","targetHints":{"allow":["GET"]}}],"collection":[{"href":"https:\/\/www.lauriexport.de\/wordpress\/wp-json\/wp\/v2\/pages"}],"about":[{"href":"https:\/\/www.lauriexport.de\/wordpress\/wp-json\/wp\/v2\/types\/page"}],"author":[{"embeddable":true,"href":"https:\/\/www.lauriexport.de\/wordpress\/wp-json\/wp\/v2\/users\/2"}],"replies":[{"embeddable":true,"href":"https:\/\/www.lauriexport.de\/wordpress\/wp-json\/wp\/v2\/comments?post=3686"}],"version-history":[{"count":5,"href":"https:\/\/www.lauriexport.de\/wordpress\/wp-json\/wp\/v2\/pages\/3686\/revisions"}],"predecessor-version":[{"id":3695,"href":"https:\/\/www.lauriexport.de\/wordpress\/wp-json\/wp\/v2\/pages\/3686\/revisions\/3695"}],"up":[{"embeddable":true,"href":"https:\/\/www.lauriexport.de\/wordpress\/wp-json\/wp\/v2\/pages\/713"}],"wp:attachment":[{"href":"https:\/\/www.lauriexport.de\/wordpress\/wp-json\/wp\/v2\/media?parent=3686"}],"curies":[{"name":"wp","href":"https:\/\/api.w.org\/{rel}","templated":true}]}}