{"id":18,"date":"2020-09-29T12:37:57","date_gmt":"2020-09-29T10:37:57","guid":{"rendered":"http:\/\/www.lauriexport.de\/wordpress\/?page_id=18"},"modified":"2023-11-05T16:17:14","modified_gmt":"2023-11-05T15:17:14","slug":"ueber-uns","status":"publish","type":"page","link":"https:\/\/www.lauriexport.de\/wordpress\/ueber-uns\/","title":{"rendered":"\u00dcber Uns"},"content":{"rendered":"\t\t<div data-elementor-type=\"wp-page\" data-elementor-id=\"18\" class=\"elementor elementor-18\">\n\t\t\t\t\t\t<section class=\"elementor-section elementor-top-section elementor-element elementor-element-0ab1478 elementor-section-boxed elementor-section-height-default elementor-section-height-default\" data-id=\"0ab1478\" data-element_type=\"section\" data-e-type=\"section\">\n\t\t\t\t\t\t<div class=\"elementor-container elementor-column-gap-default\">\n\t\t\t\t\t<div class=\"elementor-column elementor-col-100 elementor-top-column elementor-element elementor-element-d8fa370\" data-id=\"d8fa370\" data-element_type=\"column\" data-e-type=\"column\">\n\t\t\t<div class=\"elementor-widget-wrap elementor-element-populated\">\n\t\t\t\t\t\t<div class=\"elementor-element elementor-element-4389fd6 elementor-widget elementor-widget-spacer\" data-id=\"4389fd6\" data-element_type=\"widget\" data-e-type=\"widget\" data-widget_type=\"spacer.default\">\n\t\t\t\t\t\t\t<div class=\"elementor-spacer\">\n\t\t\t<div class=\"elementor-spacer-inner\"><\/div>\n\t\t<\/div>\n\t\t\t\t\t\t<\/div>\n\t\t\t\t<div class=\"elementor-element elementor-element-cba0cc3 elementor-invisible elementor-widget elementor-widget-heading\" data-id=\"cba0cc3\" data-element_type=\"widget\" data-e-type=\"widget\" data-settings=\"{&quot;_animation&quot;:&quot;fadeInRight&quot;}\" data-widget_type=\"heading.default\">\n\t\t\t\t\t<h2 class=\"elementor-heading-title elementor-size-default\">\u00dcber Uns <\/h2>\t\t\t\t<\/div>\n\t\t\t\t<div class=\"elementor-element elementor-element-4797887 elementor-widget-divider--separator-type-pattern elementor-widget-divider--view-line elementor-widget elementor-widget-divider\" data-id=\"4797887\" data-element_type=\"widget\" data-e-type=\"widget\" data-widget_type=\"divider.default\">\n\t\t\t\t\t\t\t<div class=\"elementor-divider\" style=\"--divider-pattern-url: url(&quot;data:image\/svg+xml,%3Csvg xmlns=&#039;http:\/\/www.w3.org\/2000\/svg&#039; preserveAspectRatio=&#039;none&#039; overflow=&#039;visible&#039; height=&#039;100%&#039; viewBox=&#039;0 0 24 24&#039; fill=&#039;none&#039; stroke=&#039;black&#039; stroke-width=&#039;1&#039; stroke-linecap=&#039;square&#039; stroke-miterlimit=&#039;10&#039;%3E%3Cpath d=&#039;M0,6c6,0,0.9,11.1,6.9,11.1S18,6,24,6&#039;\/%3E%3C\/svg%3E&quot;);\">\n\t\t\t<span class=\"elementor-divider-separator\">\n\t\t\t\t\t\t<\/span>\n\t\t<\/div>\n\t\t\t\t\t\t<\/div>\n\t\t\t\t<div class=\"elementor-element elementor-element-68cae81 elementor-widget elementor-widget-spacer\" data-id=\"68cae81\" data-element_type=\"widget\" data-e-type=\"widget\" data-widget_type=\"spacer.default\">\n\t\t\t\t\t\t\t<div class=\"elementor-spacer\">\n\t\t\t<div class=\"elementor-spacer-inner\"><\/div>\n\t\t<\/div>\n\t\t\t\t\t\t<\/div>\n\t\t\t\t\t<\/div>\n\t\t<\/div>\n\t\t\t\t\t<\/div>\n\t\t<\/section>\n\t\t\t\t<section class=\"elementor-section elementor-top-section elementor-element elementor-element-29f0e090 elementor-section-content-middle elementor-section-boxed elementor-section-height-default elementor-section-height-default\" data-id=\"29f0e090\" data-element_type=\"section\" data-e-type=\"section\" data-settings=\"{&quot;background_background&quot;:&quot;classic&quot;}\">\n\t\t\t\t\t\t\t<div class=\"elementor-background-overlay\"><\/div>\n\t\t\t\t\t\t\t<div class=\"elementor-container elementor-column-gap-no\">\n\t\t\t\t\t<div class=\"elementor-column elementor-col-100 elementor-top-column elementor-element elementor-element-3d465369\" data-id=\"3d465369\" data-element_type=\"column\" data-e-type=\"column\">\n\t\t\t<div class=\"elementor-widget-wrap elementor-element-populated\">\n\t\t\t\t\t\t<div class=\"elementor-element elementor-element-9640bc7 elementor-widget elementor-widget-heading\" data-id=\"9640bc7\" data-element_type=\"widget\" data-e-type=\"widget\" data-widget_type=\"heading.default\">\n\t\t\t\t\t<h2 class=\"elementor-heading-title elementor-size-default\">Sie suchen einen Gabelstapler?<\/h2>\t\t\t\t<\/div>\n\t\t\t\t<div class=\"elementor-element elementor-element-519777c7 elementor-widget elementor-widget-text-editor\" data-id=\"519777c7\" data-element_type=\"widget\" data-e-type=\"widget\" data-widget_type=\"text-editor.default\">\n\t\t\t\t\t\t\t\t\t<p style=\"margin-bottom: 0px; font-variant-numeric: normal; font-variant-east-asian: normal; font-stretch: normal; font-size: 17px; line-height: normal;\"><b>&nbsp;<\/b><b style=\"font-family: var( --e-global-typography-text-font-family ), Sans-serif; letter-spacing: 0px;\">&nbsp;&nbsp;<\/b><\/p>\n<p><b>&nbsp;<\/b><span style=\"font-size: 27px; font-weight: 600; letter-spacing: 0px;\">Herzlich Willkommen bei Lauri Export.<\/span><\/p>\n<h6><span style=\"color: #ffffff;\">Wir bieten ihnen L\u00f6sungen f\u00fcr die Probleme in ihrer Unternehmenslogistik mit unserer langj\u00e4hrigen Erfahrung in der Lagertechnik. Unser Angebot im Katalog umfasst&nbsp;<b>Gebrauchte Gabelstapler&nbsp;<\/b>sowie verschiedene Ger\u00e4te der&nbsp;<b>Lagertechnik.<\/b><\/span><\/h6>\n<h6><span style=\"color: #ffffff;\"><b>&nbsp;<\/b><\/span><\/h6>\n<h2><span style=\"color: #ffffff;\"><b>Warum einen Stapler&nbsp;von Lauri Export?<\/b><\/span><\/h2>\n<h5><span style=\"color: #ffffff;\">In unserem Standort in Dorsten,&nbsp;Nordrhein-Westfalen, besitzen wir eine anschauliche Auswahl an Gabelstaplern der&nbsp;Marken wie Linde, Still, Toyota-BT und Nissan f\u00fcr Kunden im Inn- als auch im Ausland. Unser Unternehmen ist in der Lage sich in Deutsch, Englisch, Russisch, Ungarisch und Franz\u00f6sisch zu verst\u00e4ndigen, aufgrund unserer sprachlich vielf\u00e4ltigen und kompetenten Mitarbeiter mit langj\u00e4hriger Erfahrung im Bereich der Unternehmenslogistik. Unsere Stapler und Ger\u00e4te stehen f\u00fcr Sie bereit!<\/span><\/h5>\n<div><span style=\"color: #ffffff;\">&nbsp;<\/span><\/div>\n<h2><span style=\"color: #ffffff;\"><b>Was darf ein gebrauchter Gabelstapler kosten?<\/b><\/span><\/h2>\n<h5><span style=\"color: #ffffff;\">Ein Gabelstapler kann f\u00fcr eine Bandbreite an verschiedenen Aufgaben verwendet werden und oft braucht es, um den Anspr\u00fcchen Ihrer T\u00e4tigkeitsfelder gerecht zu werden verschiedene Tools, Modifikationen und Anbauger\u00e4te, damit diese ihren Wunsch optimal nachkommen k\u00f6nnen.<\/span><br><span style=\"color: #ffffff;\">Als kompetenter Partner gehen wir auf ihre Vorstellungen ein und beraten Sie \u00fcber einen optimalen Preis.&nbsp;<\/span><\/h5>\n<div><span style=\"color: #ffffff;\">&nbsp;<\/span><\/div>\n<h2><span style=\"color: #ffffff;\"><b>Unser Online-Katalog wartet auf Sie!<\/b><\/span><\/h2>\n<h5><span style=\"color: #ffffff;\">Unsere&nbsp;Suchoption mit verschiedenen Auswahlkriterien zum schnellen Auffinden passender Ger\u00e4te macht es Ihnen einfach.<\/span><\/h5>\n<h5><span style=\"color: #ffffff;\"><a style=\"color: #ffffff;\" href=\"https:\/\/www.lauriexport.de\/wordpress\/katalog\/\">Werfen Sie einen Blick auf unserem Online Katalog.<\/a>&nbsp;<\/span><\/h5>\n<div><\/div>\n<h2><span style=\"color: #ffffff;\"><b>Stapler f\u00fcr sofortigen Einsatz<\/b><\/span><\/h2>\n<h5><span style=\"color: #ffffff;\">\u00dcberzeugen Sie sich von unserer online Auswahl.<\/span><br><span style=\"color: #ffffff;\">Alle verf\u00fcgbaren Ger\u00e4te finden Sie durch einen Klick auf \u201cKatalog\u201d im Men\u00fc am Kopf unserer Internetseite.&nbsp;<\/span><\/h5>\n<h5><span style=\"color: #ffffff;\">Sollten Sie einmal nicht f\u00fcndig werden, sprechen Sie uns bitte pers\u00f6nlich an. Gerne sind wir Ihnen bei der Suche nach einem f\u00fcr Ihre Bed\u00fcrfnisse passenden Ger\u00e4t behilflich.<\/span><\/h5>\n<div><span style=\"color: #ffffff;\">&nbsp;<\/span><\/div>\n<h4><span style=\"color: #ffffff;\"><center>Unser Standort &#8211;&nbsp;<span style=\"letter-spacing: 0px;\" <=\"\" span=\"\"><\/center><span style=\"letter-spacing: 0px;\">An der Glash\u00fctte 11<\/span><\/span><\/center><center><span style=\"color: #ffffff; letter-spacing: 0px;\">46282 Dorsten<\/span><\/center><\/span><\/h4>\t\t\t\t\t\t\t\t<\/div>\n\t\t\t\t<section class=\"elementor-section elementor-inner-section elementor-element elementor-element-1d216ac9 elementor-section-content-middle elementor-section-boxed elementor-section-height-default elementor-section-height-default\" data-id=\"1d216ac9\" data-element_type=\"section\" data-e-type=\"section\">\n\t\t\t\t\t\t<div class=\"elementor-container elementor-column-gap-no\">\n\t\t\t\t\t<div class=\"elementor-column elementor-col-100 elementor-inner-column elementor-element elementor-element-25ca7644\" data-id=\"25ca7644\" data-element_type=\"column\" data-e-type=\"column\">\n\t\t\t<div class=\"elementor-widget-wrap elementor-element-populated\">\n\t\t\t\t\t\t<div class=\"elementor-element elementor-element-7ca21d9 elementor-align-center elementor-widget elementor-widget-button\" data-id=\"7ca21d9\" data-element_type=\"widget\" data-e-type=\"widget\" data-widget_type=\"button.default\">\n\t\t\t\t\t\t\t\t\t\t<a class=\"elementor-button elementor-button-link elementor-size-sm elementor-animation-grow\" href=\"https:\/\/www.lauriexport.de\/wordpress\/katalog\/\">\n\t\t\t\t\t\t<span class=\"elementor-button-content-wrapper\">\n\t\t\t\t\t\t\t\t\t<span class=\"elementor-button-text\">Zum Katalog<\/span>\n\t\t\t\t\t<\/span>\n\t\t\t\t\t<\/a>\n\t\t\t\t\t\t\t\t<\/div>\n\t\t\t\t\t<\/div>\n\t\t<\/div>\n\t\t\t\t\t<\/div>\n\t\t<\/section>\n\t\t\t\t\t<\/div>\n\t\t<\/div>\n\t\t\t\t\t<\/div>\n\t\t<\/section>\n\t\t\t\t<section class=\"elementor-section elementor-top-section elementor-element elementor-element-8dfb6cb elementor-section-boxed elementor-section-height-default elementor-section-height-default\" data-id=\"8dfb6cb\" data-element_type=\"section\" data-e-type=\"section\">\n\t\t\t\t\t\t<div class=\"elementor-container elementor-column-gap-default\">\n\t\t\t\t\t<div class=\"elementor-column elementor-col-100 elementor-top-column elementor-element elementor-element-1f3535b\" data-id=\"1f3535b\" data-element_type=\"column\" data-e-type=\"column\">\n\t\t\t<div class=\"elementor-widget-wrap elementor-element-populated\">\n\t\t\t\t\t\t<div class=\"elementor-element elementor-element-724b05c elementor-widget elementor-widget-spacer\" data-id=\"724b05c\" data-element_type=\"widget\" data-e-type=\"widget\" data-widget_type=\"spacer.default\">\n\t\t\t\t\t\t\t<div class=\"elementor-spacer\">\n\t\t\t<div class=\"elementor-spacer-inner\"><\/div>\n\t\t<\/div>\n\t\t\t\t\t\t<\/div>\n\t\t\t\t\t<\/div>\n\t\t<\/div>\n\t\t\t\t\t<\/div>\n\t\t<\/section>\n\t\t\t\t<\/div>\n\t\t","protected":false},"excerpt":{"rendered":"<p>\u00dcber Uns Sie suchen einen Gabelstapler? &nbsp;&nbsp;&nbsp; &nbsp;Herzlich Willkommen bei Lauri Export. Wir bieten ihnen L\u00f6sungen f\u00fcr die Probleme in ihrer Unternehmenslogistik mit unserer langj\u00e4hrigen Erfahrung in der Lagertechnik. Unser Angebot im Katalog umfasst&nbsp;Gebrauchte Gabelstapler&nbsp;sowie verschiedene Ger\u00e4te der&nbsp;Lagertechnik. &nbsp; Warum einen Stapler&nbsp;von Lauri Export? In unserem Standort in Dorsten,&nbsp;Nordrhein-Westfalen, besitzen wir eine anschauliche Auswahl an &hellip;<\/p>\n","protected":false},"author":2,"featured_media":0,"parent":0,"menu_order":0,"comment_status":"closed","ping_status":"closed","template":"","meta":{"footnotes":""},"class_list":["post-18","page","type-page","status-publish","hentry"],"_links":{"self":[{"href":"https:\/\/www.lauriexport.de\/wordpress\/wp-json\/wp\/v2\/pages\/18","targetHints":{"allow":["GET"]}}],"collection":[{"href":"https:\/\/www.lauriexport.de\/wordpress\/wp-json\/wp\/v2\/pages"}],"about":[{"href":"https:\/\/www.lauriexport.de\/wordpress\/wp-json\/wp\/v2\/types\/page"}],"author":[{"embeddable":true,"href":"https:\/\/www.lauriexport.de\/wordpress\/wp-json\/wp\/v2\/users\/2"}],"replies":[{"embeddable":true,"href":"https:\/\/www.lauriexport.de\/wordpress\/wp-json\/wp\/v2\/comments?post=18"}],"version-history":[{"count":80,"href":"https:\/\/www.lauriexport.de\/wordpress\/wp-json\/wp\/v2\/pages\/18\/revisions"}],"predecessor-version":[{"id":2919,"href":"https:\/\/www.lauriexport.de\/wordpress\/wp-json\/wp\/v2\/pages\/18\/revisions\/2919"}],"wp:attachment":[{"href":"https:\/\/www.lauriexport.de\/wordpress\/wp-json\/wp\/v2\/media?parent=18"}],"curies":[{"name":"wp","href":"https:\/\/api.w.org\/{rel}","templated":true}]}}